{"id":1326,"date":"2024-07-10T17:22:50","date_gmt":"2024-07-10T16:22:50","guid":{"rendered":"https:\/\/sertec1.dev.loudzap.com\/conditions-of-sale\/"},"modified":"2025-05-06T16:49:13","modified_gmt":"2025-05-06T15:49:13","slug":"conditions-of-sale","status":"publish","type":"page","link":"https:\/\/sertec1.dev.loudzap.com\/en\/conditions-of-sale\/","title":{"rendered":"Conditions of Sale"},"content":{"rendered":"\t\t<div data-elementor-type=\"wp-page\" data-elementor-id=\"1326\" class=\"elementor elementor-1326 elementor-112\" data-elementor-post-type=\"page\">\n\t\t\t\t\t\t<section class=\"elementor-section elementor-top-section elementor-element elementor-element-0da3a83 elementor-section-boxed elementor-section-height-default elementor-section-height-default\" data-id=\"0da3a83\" data-element_type=\"section\" data-e-type=\"section\">\n\t\t\t\t\t\t<div class=\"elementor-container elementor-column-gap-no\">\n\t\t\t\t\t<div class=\"elementor-column elementor-col-100 elementor-top-column elementor-element elementor-element-26bcd73\" data-id=\"26bcd73\" data-element_type=\"column\" data-e-type=\"column\">\n\t\t\t<div class=\"elementor-widget-wrap elementor-element-populated\">\n\t\t\t\t\t\t<div class=\"elementor-element elementor-element-e9813fa elementor-widget elementor-widget-heading\" data-id=\"e9813fa\" data-element_type=\"widget\" data-e-type=\"widget\" data-widget_type=\"heading.default\">\n\t\t\t\t<div class=\"elementor-widget-container\">\n\t\t\t\t\t<h1 class=\"elementor-heading-title elementor-size-default\">Conditions of Sale<\/h1>\t\t\t\t<\/div>\n\t\t\t\t<\/div>\n\t\t\t\t<div class=\"elementor-element elementor-element-0ee6f00 elementor-widget elementor-widget-text-editor\" data-id=\"0ee6f00\" data-element_type=\"widget\" data-e-type=\"widget\" data-widget_type=\"text-editor.default\">\n\t\t\t\t<div class=\"elementor-widget-container\">\n\t\t\t\t\t\t\t\t\t<p>Please read these general conditions of sale carefully. Accepting quotes or making a purchase presupposes full knowledge and acceptance.<\/p>\n<p>Company Identification: Electrosertec &#8211; Electr\u00f3nica e Servi\u00e7os T\u00e9cnicos. Lda. NIF 502478519, hereinafter referred to as \u2018Sertec\u2019.<\/p>\n<p><strong>1 \u2013 Pedido de Or\u00e7amento<\/strong><\/p>\n<p>\u2022 Quote requests can be made via online form, e-mail, telephone or letter, and will be answered on a first-come, first-served basis.<br \/>\u2022 Quotations are sent by e-mail or letter, depending on the means used for the Purchase Order or by the means indicated by the Costumer.<\/p>\n<p><strong>2 \u2013 Orders<\/strong><\/p>\n<p>\u2022 Orders can be placed online or by e-mail, telephone, or letter.<br \/>\u2022 Orders are confirmed by e-mail with a description of the products ordered and an estimated delivery time. In the event of a stock shortage, the costumer is informed of the deadline for restocking and can decide to keep or cancel the order.<br \/>\u2022 The delivery address must be accompanied by a contact telephone number to ensure an alternative means of communication with the costumer.<br \/>\u2022 Deliveries not made by the carrier due to the customer&#8217;s absence or incorrect address may be subject to an additional charge for reshipment, depending on each carrier&#8217;s policy.<br \/>\u2022Products are delivered with the Delivery Note and\/or Invoice.<\/p>\n<p><strong>\u20283 \u2013 Payments<\/strong><\/p>\n<p>Online orders are always paid in advance using the payment methods available in the online shop. Orders placed by other means are paid in cash or according to previously negotiated conditions.<\/p>\n<p>Existing payment methods: APT at our premisses, cash at our premises, bank transfer, cheque, PayPal, or MBWay.<\/p>\n<p><strong>\u2028\u20284 &#8211; Returns<\/strong><\/p>\n<p>\u2022 Returns are only accepted within 30 days of delivery.<br \/>\u2022 Any return must be notified in advance by e-mail, telephone or letter, stating the reason for the return.<\/p>\n<p>At the time of return, the costumer must check that the product:<br \/>\u2022 is packed in its original packaging<br \/>\u2022 the original packaging in intact<br \/>\u2022 shows no signs of use<br \/>\u2022 is complete<br \/>\u2022 a copy of the sales document is included<\/p>\n<p>Returns will not be accepted for products that:<br \/>\u2022 do not fulfil the criteria described above.<br \/>\u2022 have been abused: used beyond their limit, disassembled.<br \/>\u2022are sent in collect delivery and\/or without a return code.<\/p>\n<p>Postage costs will not be refunded.<br \/>\u2022 The cost of shipping to our premisses is the responsability of the costumer.<\/p>\n<p><strong>5 &#8211; Exports<\/strong><\/p>\n<p>\u2022 All products are available for export, subject to the distributio restrictions imposed by the manufacturer.<br \/>\u2022 According to current legislation, all customers outside the European area are not subject to VAT. In all such cases, VAT will be deducted from the products ordered.<\/p>\n<p><strong>\u20286 &#8211; Warranty<\/strong><\/p>\n<p>\u2022 All products are guaranteed for 2 years against manufactiring defects; products that show evidence of having been musused are not covered by the guarantee.<br \/>\u2022 The guarantee does not cover shipping costs. There is, however, a tacit agreement whereby the costumer pays the return postage in the product and Sertec pays the postage to the costumer.<\/p>\n\t\t\t\t\t\t\t\t<\/div>\n\t\t\t\t<\/div>\n\t\t\t\t\t<\/div>\n\t\t<\/div>\n\t\t\t\t\t<\/div>\n\t\t<\/section>\n\t\t\t\t<\/div>\n\t\t","protected":false},"excerpt":{"rendered":"<p>Conditions of Sale Please read these general conditions of sale carefully. Accepting quotes or making a purchase presupposes full knowledge and acceptance. Company Identification: Electrosertec &#8211; Electr\u00f3nica e Servi\u00e7os T\u00e9cnicos. Lda. NIF 502478519, hereinafter referred to as \u2018Sertec\u2019. 1 \u2013 Pedido de Or\u00e7amento \u2022 Quote requests can be made via online form, e-mail, telephone or [&hellip;]<\/p>\n","protected":false},"author":4,"featured_media":0,"parent":0,"menu_order":0,"comment_status":"closed","ping_status":"closed","template":"","meta":{"site-sidebar-layout":"no-sidebar","site-content-layout":"page-builder","ast-site-content-layout":"full-width-container","site-content-style":"default","site-sidebar-style":"default","ast-global-header-display":"","ast-banner-title-visibility":"","ast-main-header-display":"","ast-hfb-above-header-display":"","ast-hfb-below-header-display":"","ast-hfb-mobile-header-display":"","site-post-title":"disabled","ast-breadcrumbs-content":"","ast-featured-img":"disabled","footer-sml-layout":"","ast-disable-related-posts":"","theme-transparent-header-meta":"default","adv-header-id-meta":"","stick-header-meta":"default","header-above-stick-meta":"","header-main-stick-meta":"","header-below-stick-meta":"","astra-migrate-meta-layouts":"default","ast-page-background-enabled":"default","ast-page-background-meta":{"desktop":{"background-color":"var(--ast-global-color-4)","background-image":"","background-repeat":"repeat","background-position":"center center","background-size":"auto","background-attachment":"scroll","background-type":"","background-media":"","overlay-type":"","overlay-color":"","overlay-opacity":"","overlay-gradient":""},"tablet":{"background-color":"","background-image":"","background-repeat":"repeat","background-position":"center center","background-size":"auto","background-attachment":"scroll","background-type":"","background-media":"","overlay-type":"","overlay-color":"","overlay-opacity":"","overlay-gradient":""},"mobile":{"background-color":"","background-image":"","background-repeat":"repeat","background-position":"center center","background-size":"auto","background-attachment":"scroll","background-type":"","background-media":"","overlay-type":"","overlay-color":"","overlay-opacity":"","overlay-gradient":""}},"ast-content-background-meta":{"desktop":{"background-color":"var(--ast-global-color-5)","background-image":"","background-repeat":"repeat","background-position":"center center","background-size":"auto","background-attachment":"scroll","background-type":"","background-media":"","overlay-type":"","overlay-color":"","overlay-opacity":"","overlay-gradient":""},"tablet":{"background-color":"var(--ast-global-color-5)","background-image":"","background-repeat":"repeat","background-position":"center center","background-size":"auto","background-attachment":"scroll","background-type":"","background-media":"","overlay-type":"","overlay-color":"","overlay-opacity":"","overlay-gradient":""},"mobile":{"background-color":"var(--ast-global-color-5)","background-image":"","background-repeat":"repeat","background-position":"center center","background-size":"auto","background-attachment":"scroll","background-type":"","background-media":"","overlay-type":"","overlay-color":"","overlay-opacity":"","overlay-gradient":""}},"footnotes":""},"class_list":["post-1326","page","type-page","status-publish","hentry"],"_links":{"self":[{"href":"https:\/\/sertec1.dev.loudzap.com\/en\/wp-json\/wp\/v2\/pages\/1326","targetHints":{"allow":["GET"]}}],"collection":[{"href":"https:\/\/sertec1.dev.loudzap.com\/en\/wp-json\/wp\/v2\/pages"}],"about":[{"href":"https:\/\/sertec1.dev.loudzap.com\/en\/wp-json\/wp\/v2\/types\/page"}],"author":[{"embeddable":true,"href":"https:\/\/sertec1.dev.loudzap.com\/en\/wp-json\/wp\/v2\/users\/4"}],"replies":[{"embeddable":true,"href":"https:\/\/sertec1.dev.loudzap.com\/en\/wp-json\/wp\/v2\/comments?post=1326"}],"version-history":[{"count":11,"href":"https:\/\/sertec1.dev.loudzap.com\/en\/wp-json\/wp\/v2\/pages\/1326\/revisions"}],"predecessor-version":[{"id":1997,"href":"https:\/\/sertec1.dev.loudzap.com\/en\/wp-json\/wp\/v2\/pages\/1326\/revisions\/1997"}],"wp:attachment":[{"href":"https:\/\/sertec1.dev.loudzap.com\/en\/wp-json\/wp\/v2\/media?parent=1326"}],"curies":[{"name":"wp","href":"https:\/\/api.w.org\/{rel}","templated":true}]}}